{"id":2,"date":"2016-09-18T19:00:29","date_gmt":"2016-09-18T17:00:29","guid":{"rendered":"http:\/\/www.philae-conseil.fr\/?page_id=2"},"modified":"2025-09-15T18:18:39","modified_gmt":"2025-09-15T16:18:39","slug":"page-d-exemple","status":"publish","type":"page","link":"http:\/\/www.philae-conseil.fr\/","title":{"rendered":""},"content":{"rendered":"<p style=\"text-align: center;\"><strong>CABINET PHILAE &#8211; TEST PSYCHOTECHNIQUES DU PERMIS<\/strong><\/p>\n<p style=\"text-align: center;\">Tarif unique de 70\u20ac TTC \u00a0paiement sur place<\/p>\n<p style=\"text-align: center;\"><strong>Agr\u00e9\u00e9 par Le Pr\u00e9fet en 2016<\/strong><\/p>\n<p style=\"text-align: center;\"><strong><img decoding=\"async\" loading=\"lazy\" class=\"alignnone  wp-image-161\" src=\"http:\/\/www.philae-conseil.fr\/wp-content\/uploads\/2024\/12\/Capture-decran-.-2024-12-27-a-13.32.16-298x300.png\" alt=\"\" width=\"195\" height=\"196\" srcset=\"http:\/\/www.philae-conseil.fr\/wp-content\/uploads\/2024\/12\/Capture-decran-.-2024-12-27-a-13.32.16-298x300.png 298w, http:\/\/www.philae-conseil.fr\/wp-content\/uploads\/2024\/12\/Capture-decran-.-2024-12-27-a-13.32.16-150x150.png 150w, http:\/\/www.philae-conseil.fr\/wp-content\/uploads\/2024\/12\/Capture-decran-.-2024-12-27-a-13.32.16.png 748w\" sizes=\"(max-width: 195px) 100vw, 195px\" \/><\/strong><\/p>\n<p style=\"text-align: center;\"><strong>TOULOUSE et MONTAUBAN<\/strong><\/p>\n<p style=\"text-align: center;\"><strong>SUR RDV AU 0608502887\u00a0<\/strong><\/p>\n<p style=\"text-align: center;\">\u00a0\u00a0Notre cabinet PHILAE CONSEIL enregistr\u00e9 et agr\u00e9\u00e9 par les Pr\u00e9fectures depuis 2016 r\u00e9alise des \u00e9valuations psychotechniques dans le cadre du retour au permis \u00e0 Toulouse et Montauban.<\/p>\n<p style=\"text-align: center;\"><strong>Au meilleur tarif d&#8217;Occitanie depuis 2016<\/strong><\/p>\n<p style=\"text-align: center;\">Ces \u00e9valuations ont une validit\u00e9 de 6 mois et sont valables dans tous les d\u00e9partements. Les Tests Psychotechniques peuvent \u00eatre r\u00e9alis\u00e9s d\u00e8s le d\u00e9but de la suspension du permis , cela permet de r\u00e9cup\u00e9rer le permis dans les temps impartis et parfois d\u2019\u00e9viter de repasser la conduite.<\/p>\n<p><strong>L\u2019\u00e9valuation psychotechnique est obligatoire et se r\u00e9alise avant la visite m\u00e9dicale (M\u00e9decin agr\u00e9\u00e9 ou Commission M\u00e9dicale Pr\u00e9fectorale) :<\/strong><\/p>\n<p>Vous serez re\u00e7u par un Psychologue agr\u00e9\u00e9, titulaire du Grade de Master ou du Doctorat d&#8217;Etat.<\/p>\n<p>Le test est \u00e0 r\u00e9aliser :<\/p>\n<ul class=\"list-psycho\">\n<li>apr\u00e8s une annulation du permis, quelque soit la dur\u00e9e de l\u2019annulation<\/li>\n<li>apr\u00e8s une invalidation du permis de conduire pour perte de points<\/li>\n<li>apr\u00e8s une suspension de 6 mois ou sup\u00e9rieure \u00e0 6 mois (alcool\u00e9mie , stup\u00e9fiants , exc\u00e8s de vitesse, homicide , d\u00e9lits \u2026)<\/li>\n<li>pour certains m\u00e9tiers de chauffeurs VTC , Ambulance , Conducteurs territoriaux\u2026..<\/li>\n<li>\u00e0 la demande d\u2019un m\u00e9decin en cas de maladie, handicap, d\u00e9ficience li\u00e9e \u00e0 l\u2019\u00e2ge \u2026.<\/li>\n<\/ul>\n<ul class=\"list-psycho\">\n<li>Les tests sont adaptables aux diff\u00e9rents handicaps et aux difficult\u00e9s de compr\u00e9hension de la langue fran\u00e7aise.<\/li>\n<li>Il n\u2019y pas de difficult\u00e9 majeure et les taux de r\u00e9ussite sont g\u00e9n\u00e9ralement \u00e9lev\u00e9s.<\/li>\n<li>La dur\u00e9e totale n\u2019exc\u00e8de pas 50 minutes , mais en cas de difficult\u00e9s neurologiques ou bien li\u00e9es \u00e0 l\u2019\u00e2ge, la dur\u00e9e des tests peut s\u2019allonger, le tarif reste maintenu \u00e0 70\u20ac.<\/li>\n<li>A l\u2019issue du test un avis; Favorable, Favorable avec restriction ou D\u00e9favorable est transmis \u00e0 la Pr\u00e9fecture,<\/li>\n<li>Pour certaines Pr\u00e9fectures ou pour le M\u00e9decin Agr\u00e9\u00e9, l\u2019avis est remis le jour m\u00eame au candidat.<\/li>\n<\/ul>\n<p><strong><span style=\"font-family: 'Helvetica Neue', Helvetica, Arial, sans-serif;\">APR\u00c8S L\u2019\u00c9VALUATION PSYCHOTECHNIQUE<\/span><\/strong><\/p>\n<div class=\"et_pb_module et_pb_text et_pb_text_3 et_pb_text_align_left et_pb_bg_layout_light\">\n<div class=\"et_pb_text_inner\">\n<ul class=\"list-psycho\">\n<li>Notre Cabinet essaiera de vous apporter tous les \u00e9l\u00e9ments de r\u00e9ponse li\u00e9s \u00e0 votre situation.<\/li>\n<li>Notez bien qu\u2019\u00e0 partir du moment o\u00f9 dans votre relev\u00e9 de points il appara\u00eet un contr\u00f4le positif \u00e0 l\u2019alcool ou aux stup\u00e9fiants vous devrez apr\u00e8s le test psychotechnique prendre rendez vous pr\u00e8s de la Commission M\u00e9dicale de la Pr\u00e9fecture (avec prise de sang ou analyse d\u2019urines) , l\u2019inscription se r\u00e9alise sur internet directement sur le site de la Pr\u00e9fecture de votre lieu de r\u00e9sidence.<\/li>\n<li>Pour les autres candidats une visite chez un M\u00e9decin Agr\u00e9\u00e9 est suffisante , des noms de m\u00e9decins pourront vous \u00eatre communiqu\u00e9s le jour du rendez-vous<\/li>\n<\/ul>\n<\/div>\n<\/div>\n<p>Nos locaux :<\/p>\n<p><strong>8 Esplanade Compans Caffarelli &#8211; Boulevard Lascrosses &#8211; TOULOUSE<\/strong><\/p>\n<p><strong>Acc\u00e8s par l&#8217;entr\u00e9e principale de l&#8217;H\u00d4TEL MERCURE puis ascenseur \u00e0 droite \u00a0-7\u00e8me \u00e9tage\u00a0<\/strong><\/p>\n<p>M\u00e9tro COMPANS CAFFARELLI<\/p>\n<p><strong>\u00a0<img decoding=\"async\" loading=\"lazy\" class=\"alignnone  wp-image-157\" src=\"http:\/\/www.philae-conseil.fr\/wp-content\/uploads\/2023\/08\/IMG_3886-272x300.jpg\" alt=\"\" width=\"192\" height=\"212\" srcset=\"http:\/\/www.philae-conseil.fr\/wp-content\/uploads\/2023\/08\/IMG_3886-272x300.jpg 272w, http:\/\/www.philae-conseil.fr\/wp-content\/uploads\/2023\/08\/IMG_3886-929x1024.jpg 929w, http:\/\/www.philae-conseil.fr\/wp-content\/uploads\/2023\/08\/IMG_3886-768x846.jpg 768w, http:\/\/www.philae-conseil.fr\/wp-content\/uploads\/2023\/08\/IMG_3886.jpg 1390w\" sizes=\"(max-width: 192px) 100vw, 192px\" \/><\/strong><\/p>\n<p><strong>OU<\/strong><\/p>\n<p><strong>28 avenue Chamier -Espace Sant\u00e9 &#8211; 82000 MONTAUBAN<\/strong><\/p>\n<p><strong>boulissiere@philae-conseil.fr \u00a0 \u00a0 \u00a0 \u00a0 \u00a0 \u00a0 \u00a0 \u00a0 \u00a0 \u00a0 <\/strong><strong>06.08.50.28.87 sur RDV<\/strong><\/p>\n<p>ADELI N\u00b0 319 322 277 \u00a0 \u00a0 &#8211; \u00a0 SIRET 892 856 816 000 12<\/p>\n<p>PHILAE CONSEIL est une marque prot\u00e9g\u00e9e, r\u00e9guli\u00e8rement inscrite \u00e0 l&#8217;INPI.<\/p>\n","protected":false},"excerpt":{"rendered":"<p>CABINET PHILAE &#8211; TEST PSYCHOTECHNIQUES DU PERMIS Tarif unique de 70\u20ac TTC \u00a0paiement sur place Agr\u00e9\u00e9 par Le Pr\u00e9fet en 2016 TOULOUSE et MONTAUBAN SUR RDV AU 0608502887\u00a0 \u00a0\u00a0Notre cabinet PHILAE CONSEIL enregistr\u00e9 et agr\u00e9\u00e9 par les Pr\u00e9fectures depuis 2016 r\u00e9alise des \u00e9valuations psychotechniques dans le cadre du retour au permis \u00e0 Toulouse et Montauban. &hellip; <a href=\"http:\/\/www.philae-conseil.fr\/\" class=\"more-link\">Continue reading <span class=\"screen-reader-text\"><\/span><\/a><\/p>\n","protected":false},"author":1,"featured_media":0,"parent":0,"menu_order":0,"comment_status":"closed","ping_status":"open","template":"","meta":[],"_links":{"self":[{"href":"http:\/\/www.philae-conseil.fr\/index.php\/wp-json\/wp\/v2\/pages\/2"}],"collection":[{"href":"http:\/\/www.philae-conseil.fr\/index.php\/wp-json\/wp\/v2\/pages"}],"about":[{"href":"http:\/\/www.philae-conseil.fr\/index.php\/wp-json\/wp\/v2\/types\/page"}],"author":[{"embeddable":true,"href":"http:\/\/www.philae-conseil.fr\/index.php\/wp-json\/wp\/v2\/users\/1"}],"replies":[{"embeddable":true,"href":"http:\/\/www.philae-conseil.fr\/index.php\/wp-json\/wp\/v2\/comments?post=2"}],"version-history":[{"count":64,"href":"http:\/\/www.philae-conseil.fr\/index.php\/wp-json\/wp\/v2\/pages\/2\/revisions"}],"predecessor-version":[{"id":166,"href":"http:\/\/www.philae-conseil.fr\/index.php\/wp-json\/wp\/v2\/pages\/2\/revisions\/166"}],"wp:attachment":[{"href":"http:\/\/www.philae-conseil.fr\/index.php\/wp-json\/wp\/v2\/media?parent=2"}],"curies":[{"name":"wp","href":"https:\/\/api.w.org\/{rel}","templated":true}]}}